{"id":168,"date":"2024-01-17T15:14:16","date_gmt":"2024-01-17T15:14:16","guid":{"rendered":"https:\/\/enviesauvage.art\/?page_id=168"},"modified":"2024-04-22T14:18:35","modified_gmt":"2024-04-22T14:18:35","slug":"ateliers","status":"publish","type":"page","link":"https:\/\/enviesauvage.art\/?page_id=168","title":{"rendered":"Ateliers"},"content":{"rendered":"\n<p><\/p>\n\n\n\n<p class=\"has-text-align-center\"><strong>\u00ab Au fond, nous sommes tous des poussi\u00e8res d\u2019\u00e9toiles\u2026 \u00bb<\/strong><br><\/p>\n\n\n\n<p class=\"has-text-align-center\">Quand je pense \u00e0 la nature humaine et au monde qui l\u2019entoure, je ne peux d\u00e9tacher mon esprit de nos premi\u00e8res origines, le big bang. Ce moment, o\u00f9 toute l\u2019\u00e9nergie de la vie \u00e9tait concentr\u00e9e dans cette masse infiniment dense qui suite \u00e0 son explosion a donn\u00e9 les \u00e9l\u00e9ments qui nous constituent tous. A bien y penser, nous ne sommes qu\u2019un flux continuel d\u2019\u00e9l\u00e9ments que nous ing\u00e9rons, qui nous constituent, qui se d\u00e9gradent, que nous \u00e9liminons, ces \u00e9l\u00e9ments qui voyagent d\u2019une mati\u00e8re \u00e0 une autre, d\u2019un organisme vivant \u00e0 un autre. Nous sommes en constante connexion avec le monde qui nous entoure. <\/p>\n\n\n\n<p class=\"has-text-align-center\">Comment retrouver ce lien, comment refaire un avec la mati\u00e8re et le vivant&#8230; C&#8217;est le r\u00eave que je vous propose de partager dans mes pratiques.<\/p>\n\n\n\n<p><\/p>\n\n\n\n<p class=\"has-text-align-center\"><strong>A venir&#8230; <\/strong><\/p>\n\n\n\n<p class=\"has-text-align-center\"><strong>Des ateliers de cr\u00e9ations c\u00e9ramique en  nature<\/strong> avec de l&#8217;argile r\u00e9colt\u00e9e \u00e0 la main, pour embrasser le processus de cr\u00e9ation et reconnexion au vivant, \u00e0 la terre, aux techniques ancestrales respectueuses de l&#8217;environnement et de l&#8217;humanit\u00e9.<\/p>\n\n\n\n<p><\/p>\n\n\n\n<p class=\"has-text-align-center\"><strong>Des sessions de danse avec l&#8217;argile en nature<\/strong>, m\u00ealant mouvement du corps avec l&#8217;environnement, et exploration de la danse au contact de l&#8217;argile en connexion avec la terre. Retrouver le contact avec le vivant, la mati\u00e8re, l&#8217;unicit\u00e9 de la nature. <\/p>\n\n\n\n<p class=\"has-text-align-center\"><strong>Des ateliers particuliers <\/strong>sur mesure avec une \u00e0 trois personnes o\u00f9 nous explorerons ensemble des techniques c\u00e9ramiques respectueuses de l&#8217;environnement et la sant\u00e9, En portant une attention \u00e0 la connexion \u00e0 soi et \u00e0 la terre dans le processus de modelage, tournage, cr\u00e9ations sculpturale, et cr\u00e9ation d&#8217;\u00e9maux. Ces ateliers pouvant \u00eatre donn\u00e9s \u00e0 domicile ou en nature pour une exp\u00e9rience immersive.<\/p>\n\n\n\n<p><\/p>\n\n\n\n<p class=\"has-text-align-center\">N&#8217;h\u00e9sitez pas \u00e0 me contacter pour plus d&#8217;informations, je serai heureuse de vous partager mes r\u00eaves.<\/p>\n\n\n\n<figure class=\"wp-block-video\"><video autoplay controls src=\"https:\/\/enviesauvage.art\/wp-content\/uploads\/2024\/04\/160A13371.mp4\"><\/video><\/figure>\n","protected":false},"excerpt":{"rendered":"<p>\u00ab Au fond, nous sommes tous des poussi\u00e8res d\u2019\u00e9toiles\u2026 \u00bb Quand je pense \u00e0 la nature humaine et au monde qui l\u2019entoure, je ne peux d\u00e9tacher mon esprit de nos premi\u00e8res origines, le big bang. Ce moment, o\u00f9 toute l\u2019\u00e9nergie de la vie \u00e9tait concentr\u00e9e dans cette masse infiniment dense qui suite \u00e0 son explosion &hellip; <\/p>\n<p class=\"link-more\"><a href=\"https:\/\/enviesauvage.art\/?page_id=168\" class=\"more-link\">Continue reading<span class=\"screen-reader-text\"> &#8220;Ateliers&#8221;<\/span><\/a><\/p>\n","protected":false},"author":1,"featured_media":183,"parent":0,"menu_order":0,"comment_status":"closed","ping_status":"closed","template":"","meta":{"footnotes":""},"class_list":["post-168","page","type-page","status-publish","has-post-thumbnail","hentry"],"_links":{"self":[{"href":"https:\/\/enviesauvage.art\/index.php?rest_route=\/wp\/v2\/pages\/168"}],"collection":[{"href":"https:\/\/enviesauvage.art\/index.php?rest_route=\/wp\/v2\/pages"}],"about":[{"href":"https:\/\/enviesauvage.art\/index.php?rest_route=\/wp\/v2\/types\/page"}],"author":[{"embeddable":true,"href":"https:\/\/enviesauvage.art\/index.php?rest_route=\/wp\/v2\/users\/1"}],"replies":[{"embeddable":true,"href":"https:\/\/enviesauvage.art\/index.php?rest_route=%2Fwp%2Fv2%2Fcomments&post=168"}],"version-history":[{"count":14,"href":"https:\/\/enviesauvage.art\/index.php?rest_route=\/wp\/v2\/pages\/168\/revisions"}],"predecessor-version":[{"id":298,"href":"https:\/\/enviesauvage.art\/index.php?rest_route=\/wp\/v2\/pages\/168\/revisions\/298"}],"wp:featuredmedia":[{"embeddable":true,"href":"https:\/\/enviesauvage.art\/index.php?rest_route=\/wp\/v2\/media\/183"}],"wp:attachment":[{"href":"https:\/\/enviesauvage.art\/index.php?rest_route=%2Fwp%2Fv2%2Fmedia&parent=168"}],"curies":[{"name":"wp","href":"https:\/\/api.w.org\/{rel}","templated":true}]}}