{"id":87,"date":"2024-01-08T17:37:15","date_gmt":"2024-01-08T17:37:15","guid":{"rendered":"https:\/\/enviesauvage.art\/?page_id=87"},"modified":"2026-02-20T11:22:57","modified_gmt":"2026-02-20T11:22:57","slug":"87-2","status":"publish","type":"page","link":"https:\/\/enviesauvage.art\/","title":{"rendered":""},"content":{"rendered":"\n<p class=\"has-text-align-center\">.<\/p>\n\n\n\n<p class=\"has-text-align-center\" style=\"line-height:1\"><em>C\u00e9ramique &#8211; Gravure &#8211; Tissage<\/em><\/p>\n\n\n\n<p class=\"has-text-align-center\">cr\u00e9\u00e9s avec des<em> mati\u00e8res naturelles et locales avec une attention particuli\u00e8re au respect de l&#8217;humain et de l\u2019environnement<br><br>Atelier C\u00e9ramique en nature &#8211; Danse avec l&#8217;argile<\/em><\/p>\n\n\n\n<p class=\"has-text-align-center\">.<em><br><br><\/em><\/p>\n","protected":false},"excerpt":{"rendered":"<p>. C\u00e9ramique &#8211; Gravure &#8211; Tissage cr\u00e9\u00e9s avec des mati\u00e8res naturelles et locales avec une attention particuli\u00e8re au respect de l&#8217;humain et de l\u2019environnement Atelier C\u00e9ramique en nature &#8211; Danse avec l&#8217;argile .<\/p>\n","protected":false},"author":1,"featured_media":0,"parent":0,"menu_order":0,"comment_status":"closed","ping_status":"closed","template":"","meta":{"footnotes":""},"class_list":["post-87","page","type-page","status-publish","hentry"],"_links":{"self":[{"href":"https:\/\/enviesauvage.art\/index.php?rest_route=\/wp\/v2\/pages\/87"}],"collection":[{"href":"https:\/\/enviesauvage.art\/index.php?rest_route=\/wp\/v2\/pages"}],"about":[{"href":"https:\/\/enviesauvage.art\/index.php?rest_route=\/wp\/v2\/types\/page"}],"author":[{"embeddable":true,"href":"https:\/\/enviesauvage.art\/index.php?rest_route=\/wp\/v2\/users\/1"}],"replies":[{"embeddable":true,"href":"https:\/\/enviesauvage.art\/index.php?rest_route=%2Fwp%2Fv2%2Fcomments&post=87"}],"version-history":[{"count":16,"href":"https:\/\/enviesauvage.art\/index.php?rest_route=\/wp\/v2\/pages\/87\/revisions"}],"predecessor-version":[{"id":334,"href":"https:\/\/enviesauvage.art\/index.php?rest_route=\/wp\/v2\/pages\/87\/revisions\/334"}],"wp:attachment":[{"href":"https:\/\/enviesauvage.art\/index.php?rest_route=%2Fwp%2Fv2%2Fmedia&parent=87"}],"curies":[{"name":"wp","href":"https:\/\/api.w.org\/{rel}","templated":true}]}}